{"id":14,"date":"2014-02-14T13:54:38","date_gmt":"2014-02-14T13:54:38","guid":{"rendered":"http:\/\/mva.dnsdynamic.com:8080\/?page_id=14"},"modified":"2024-08-08T19:30:37","modified_gmt":"2024-08-08T19:30:37","slug":"servicos","status":"publish","type":"page","link":"https:\/\/www.mvatransportes.com.br\/?page_id=14","title":{"rendered":"SERVI\u00c7OS"},"content":{"rendered":"<div id=\"div1\">\n<div id=\"div2\">\n<h2 style=\"text-align: left;\">Confira alguns de nossos servi\u00e7os :<\/h2>\n<table style=\"width: 169.725%; height: 562px; border: 0px none;\" border=\"0\" cellspacing=\"0\" cellpadding=\"0\">\n<tbody>\n<tr style=\"height: 562px;\">\n<td style=\"width: 27.9165%; vertical-align: top; height: 562px;\"><strong>&#8211; Transportes de Produtos Perigosos<\/strong><\/p>\n<ul>\n<li><strong>GLP<\/strong> (G\u00e1s Liquefeito de Petr\u00f3leo)<\/li>\n<li><strong>Gaiolas<br \/>\n<\/strong><\/li>\n<\/ul>\n<\/td>\n<td style=\"width: 71.8805%; height: 562px;\">\n\t\t<style type=\"text\/css\">\n\t\t\t#gallery-1 {\n\t\t\t\tmargin: auto;\n\t\t\t}\n\t\t\t#gallery-1 .gallery-item {\n\t\t\t\tfloat: left;\n\t\t\t\tmargin-top: 10px;\n\t\t\t\ttext-align: center;\n\t\t\t\twidth: 50%;\n\t\t\t}\n\t\t\t#gallery-1 img {\n\t\t\t\tborder: 2px solid #cfcfcf;\n\t\t\t}\n\t\t\t#gallery-1 .gallery-caption {\n\t\t\t\tmargin-left: 0;\n\t\t\t}\n\t\t\t\/* see gallery_shortcode() in wp-includes\/media.php *\/\n\t\t<\/style>\n\t\t<div id='gallery-1' class='gallery galleryid-14 gallery-columns-2 gallery-size-medium'><dl class='gallery-item'>\n\t\t\t<dt class='gallery-icon landscape'>\n\t\t\t\t<img loading=\"lazy\" decoding=\"async\" width=\"300\" height=\"225\" src=\"https:\/\/www.mvatransportes.com.br\/wp-content\/uploads\/2019\/08\/WhatsApp-Image-2018-12-12-at-15.50.53-1-300x225.jpeg\" class=\"attachment-medium size-medium\" alt=\"\" aria-describedby=\"gallery-1-542\" srcset=\"https:\/\/www.mvatransportes.com.br\/wp-content\/uploads\/2019\/08\/WhatsApp-Image-2018-12-12-at-15.50.53-1-300x225.jpeg 300w, https:\/\/www.mvatransportes.com.br\/wp-content\/uploads\/2019\/08\/WhatsApp-Image-2018-12-12-at-15.50.53-1-768x576.jpeg 768w, https:\/\/www.mvatransportes.com.br\/wp-content\/uploads\/2019\/08\/WhatsApp-Image-2018-12-12-at-15.50.53-1-1024x768.jpeg 1024w, https:\/\/www.mvatransportes.com.br\/wp-content\/uploads\/2019\/08\/WhatsApp-Image-2018-12-12-at-15.50.53-1-150x113.jpeg 150w, https:\/\/www.mvatransportes.com.br\/wp-content\/uploads\/2019\/08\/WhatsApp-Image-2018-12-12-at-15.50.53-1.jpeg 1280w\" sizes=\"auto, (max-width: 300px) 100vw, 300px\" \/>\n\t\t\t<\/dt>\n\t\t\t\t<dd class='wp-caption-text gallery-caption' id='gallery-1-542'>\n\t\t\t\tGaiola\n\t\t\t\t<\/dd><\/dl><dl class='gallery-item'>\n\t\t\t<dt class='gallery-icon landscape'>\n\t\t\t\t<img loading=\"lazy\" decoding=\"async\" width=\"300\" height=\"225\" src=\"https:\/\/www.mvatransportes.com.br\/wp-content\/uploads\/2014\/02\/foto16-300x225.jpg\" class=\"attachment-medium size-medium\" alt=\"\" aria-describedby=\"gallery-1-224\" srcset=\"https:\/\/www.mvatransportes.com.br\/wp-content\/uploads\/2014\/02\/foto16-300x225.jpg 300w, https:\/\/www.mvatransportes.com.br\/wp-content\/uploads\/2014\/02\/foto16.jpg 640w\" sizes=\"auto, (max-width: 300px) 100vw, 300px\" \/>\n\t\t\t<\/dt>\n\t\t\t\t<dd class='wp-caption-text gallery-caption' id='gallery-1-224'>\n\t\t\t\tGlp\n\t\t\t\t<\/dd><\/dl><br style=\"clear: both\" \/>\n\t\t<\/div>\n<\/td>\n<\/tr>\n<\/tbody>\n<\/table>\n<p style=\"text-align: center;\">\n<\/div>\n<\/div>\n","protected":false},"excerpt":{"rendered":"<p>Confira alguns de nossos servi\u00e7os : &#8211; Transportes de Produtos Perigosos GLP (G\u00e1s Liquefeito de Petr\u00f3leo) Gaiolas<\/p>\n","protected":false},"author":1,"featured_media":0,"parent":0,"menu_order":2,"comment_status":"closed","ping_status":"closed","template":"","meta":{"footnotes":""},"class_list":["post-14","page","type-page","status-publish","czr-hentry"],"_links":{"self":[{"href":"https:\/\/www.mvatransportes.com.br\/index.php?rest_route=\/wp\/v2\/pages\/14","targetHints":{"allow":["GET"]}}],"collection":[{"href":"https:\/\/www.mvatransportes.com.br\/index.php?rest_route=\/wp\/v2\/pages"}],"about":[{"href":"https:\/\/www.mvatransportes.com.br\/index.php?rest_route=\/wp\/v2\/types\/page"}],"author":[{"embeddable":true,"href":"https:\/\/www.mvatransportes.com.br\/index.php?rest_route=\/wp\/v2\/users\/1"}],"replies":[{"embeddable":true,"href":"https:\/\/www.mvatransportes.com.br\/index.php?rest_route=%2Fwp%2Fv2%2Fcomments&post=14"}],"version-history":[{"count":65,"href":"https:\/\/www.mvatransportes.com.br\/index.php?rest_route=\/wp\/v2\/pages\/14\/revisions"}],"predecessor-version":[{"id":762,"href":"https:\/\/www.mvatransportes.com.br\/index.php?rest_route=\/wp\/v2\/pages\/14\/revisions\/762"}],"wp:attachment":[{"href":"https:\/\/www.mvatransportes.com.br\/index.php?rest_route=%2Fwp%2Fv2%2Fmedia&parent=14"}],"curies":[{"name":"wp","href":"https:\/\/api.w.org\/{rel}","templated":true}]}}