{"id":751,"date":"2023-03-22T17:17:12","date_gmt":"2023-03-22T17:17:12","guid":{"rendered":"https:\/\/www.mvatransportes.com.br\/?page_id=751"},"modified":"2023-03-22T17:21:42","modified_gmt":"2023-03-22T17:21:42","slug":"canal-de-denuncia","status":"publish","type":"page","link":"https:\/\/www.mvatransportes.com.br\/?page_id=751","title":{"rendered":"Canal de Den\u00fancia"},"content":{"rendered":"<div class=\"frm_forms  with_frm_style frm_style_formidable-style\" id=\"frm_form_3_container\" data-token=\"cb2044e120356215e7db7189fa25adba\">\n<form enctype=\"multipart\/form-data\" method=\"post\" class=\"frm-show-form \" id=\"form_jl2002\" data-token=\"cb2044e120356215e7db7189fa25adba\">\n<div class=\"frm_form_fields \">\n<fieldset>\n<legend class=\"frm_hidden\">Formul\u00e1rio de den\u00fancia<\/legend>\r\n\r\n<div class=\"frm_fields_container\">\n<input type=\"hidden\" name=\"frm_action\" value=\"create\" \/>\n<input type=\"hidden\" name=\"form_id\" value=\"3\" \/>\n<input type=\"hidden\" name=\"frm_hide_fields_3\" id=\"frm_hide_fields_3\" value=\"\" \/>\n<input type=\"hidden\" name=\"form_key\" value=\"jl2002\" \/>\n<input type=\"hidden\" name=\"item_meta[0]\" value=\"\" \/>\n<input type=\"hidden\" id=\"frm_submit_entry_3\" name=\"frm_submit_entry_3\" value=\"e437c5bb09\" \/><input type=\"hidden\" name=\"_wp_http_referer\" value=\"\/index.php?rest_route=%2Fwp%2Fv2%2Fpages%2F751\" \/><div id=\"frm_field_20_container\" class=\"frm_form_field form-field  frm_top_container\">\r\n    <label for=\"field_lrz712\" class=\"frm_primary_label\">Nome (Opcional)\r\n        <span class=\"frm_required\"><\/span>\r\n    <\/label>\r\n    <input type=\"text\" id=\"field_lrz712\" name=\"item_meta[20]\" value=\"\"  data-invmsg=\"Email (Obrigatorio) is invalid\" aria-invalid=\"false\"  \/>\r\n    \r\n    \r\n<\/div>\n<div id=\"frm_field_21_container\" class=\"frm_form_field form-field  frm_top_container\">\r\n    <label for=\"field_s8lk52\" class=\"frm_primary_label\">Telefone (Opcional)\r\n        <span class=\"frm_required\"><\/span>\r\n    <\/label>\r\n    <input type=\"text\" id=\"field_s8lk52\" name=\"item_meta[21]\" value=\"\"  data-invmsg=\"Telefone (Obrigatorio) is invalid\" aria-invalid=\"false\"  \/>\r\n    \r\n    \r\n<\/div>\n<div id=\"frm_field_22_container\" class=\"frm_form_field form-field  frm_top_container\">\r\n    <label for=\"field_e6w2p2\" class=\"frm_primary_label\">Den\u00fancia \/ Ass\u00e9dio Moral \/ Ass\u00e9dio Sexual\r\n        <span class=\"frm_required\"><\/span>\r\n    <\/label>\r\n    <textarea name=\"item_meta[22]\" id=\"field_e6w2p2\" rows=\"5\"  data-invmsg=\"Den\u00fancia \/ Ass\u00e9dio Moral \/ Ass\u00e9dio Sexual \u00e9 inv\u00e1lido\" aria-invalid=\"false\"  ><\/textarea>\r\n    \r\n    \r\n<\/div>\n<div id=\"frm_field_23_container\" class=\"frm_form_field form-field  frm_none_container\">\r\n    <label for=\"g-recaptcha-response\" id=\"field_44jfi2_label\" class=\"frm_primary_label\">reCAPTCHA\r\n        <span class=\"frm_required\" aria-hidden=\"true\"><\/span>\r\n    <\/label>\r\n    <div  id=\"field_44jfi2\" class=\"frm-g-recaptcha\" data-sitekey=\"6LeWaO0bAAAAAPol3TIRFABMSlWQNRPqITz3miTJ\" data-size=\"normal\" data-theme=\"light\"><\/div>\r\n    \r\n    \r\n<\/div>\n\t<input type=\"hidden\" name=\"item_key\" value=\"\" \/>\n\t\t\t<div id=\"frm_field_25_container\">\n\t\t\t<label for=\"field_mb8qs\" >\n\t\t\t\tSe voc\u00ea \u00e9 humano, deixe este campo em branco.\t\t\t<\/label>\n\t\t\t<input  id=\"field_mb8qs\" type=\"text\" class=\"frm_form_field form-field frm_verify\" name=\"item_meta[25]\" value=\"\"  \/>\n\t\t<\/div>\n\t\t<input name=\"frm_state\" type=\"hidden\" value=\"McLIzobuvLeSi5Rv51ODiDcU8oOXZPnTKYeICpVVgis=\" \/><div class=\"frm_submit\">\r\n\r\n<input type=\"submit\" value=\"Enviar\"  \/>\r\n<img decoding=\"async\" class=\"frm_ajax_loading\" src=\"https:\/\/www.mvatransportes.com.br\/wp-content\/plugins\/formidable\/images\/ajax_loader.gif\" alt=\"Enviando\"\/>\r\n\r\n<\/div><\/div>\n<\/fieldset>\n<\/div>\n\n<p style=\"display: none !important;\" class=\"akismet-fields-container\" data-prefix=\"ak_\"><label>&#916;<textarea name=\"ak_hp_textarea\" cols=\"45\" rows=\"8\" maxlength=\"100\"><\/textarea><\/label><input type=\"hidden\" id=\"ak_js_1\" name=\"ak_js\" value=\"139\"\/><script>document.getElementById( \"ak_js_1\" ).setAttribute( \"value\", ( new Date() ).getTime() );<\/script><\/p><\/form>\n<\/div>\n\n\n\n\n<p>A prote\u00e7\u00e3o de dados \u00e9 nossa prioridade.<\/p>\n\n\n\n<p>Ao informar meus dados, eu concordo com a <a rel=\"noreferrer noopener\" href=\"https:\/\/www.mvatransportes.com.br\/?page_id=712\" target=\"_blank\">Pol\u00edtica de Privacidade<\/a>.<\/p>\n","protected":false},"excerpt":{"rendered":"<p>A prote\u00e7\u00e3o de dados \u00e9 nossa prioridade. Ao informar meus dados, eu concordo com a Pol\u00edtica de Privacidade.<\/p>\n","protected":false},"author":1,"featured_media":755,"parent":0,"menu_order":0,"comment_status":"closed","ping_status":"closed","template":"","meta":{"footnotes":""},"class_list":["post-751","page","type-page","status-publish","has-post-thumbnail","czr-hentry"],"_links":{"self":[{"href":"https:\/\/www.mvatransportes.com.br\/index.php?rest_route=\/wp\/v2\/pages\/751","targetHints":{"allow":["GET"]}}],"collection":[{"href":"https:\/\/www.mvatransportes.com.br\/index.php?rest_route=\/wp\/v2\/pages"}],"about":[{"href":"https:\/\/www.mvatransportes.com.br\/index.php?rest_route=\/wp\/v2\/types\/page"}],"author":[{"embeddable":true,"href":"https:\/\/www.mvatransportes.com.br\/index.php?rest_route=\/wp\/v2\/users\/1"}],"replies":[{"embeddable":true,"href":"https:\/\/www.mvatransportes.com.br\/index.php?rest_route=%2Fwp%2Fv2%2Fcomments&post=751"}],"version-history":[{"count":2,"href":"https:\/\/www.mvatransportes.com.br\/index.php?rest_route=\/wp\/v2\/pages\/751\/revisions"}],"predecessor-version":[{"id":753,"href":"https:\/\/www.mvatransportes.com.br\/index.php?rest_route=\/wp\/v2\/pages\/751\/revisions\/753"}],"wp:featuredmedia":[{"embeddable":true,"href":"https:\/\/www.mvatransportes.com.br\/index.php?rest_route=\/wp\/v2\/media\/755"}],"wp:attachment":[{"href":"https:\/\/www.mvatransportes.com.br\/index.php?rest_route=%2Fwp%2Fv2%2Fmedia&parent=751"}],"curies":[{"name":"wp","href":"https:\/\/api.w.org\/{rel}","templated":true}]}}